{"id":26,"date":"2023-10-13T21:25:08","date_gmt":"2023-10-13T19:25:08","guid":{"rendered":"https:\/\/gersrenov.com\/?page_id=26"},"modified":"2025-01-16T22:14:37","modified_gmt":"2025-01-16T21:14:37","slug":"contact-form-7-id6a217ac-titlecontactez-nous","status":"publish","type":"page","link":"https:\/\/gersrenov.com\/index.php\/contact-form-7-id6a217ac-titlecontactez-nous\/","title":{"rendered":"contactez-nous"},"content":{"rendered":"\t\t<div data-elementor-type=\"wp-page\" data-elementor-id=\"26\" class=\"elementor elementor-26\">\n\t\t\t\t\t\t\t<div class=\"elementor-element elementor-element-c2f6890 e-flex e-con-boxed e-con e-parent\" data-id=\"c2f6890\" data-element_type=\"container\" data-settings=\"{&quot;content_width&quot;:&quot;boxed&quot;}\" data-core-v316-plus=\"true\">\n\t\t\t\t\t<div class=\"e-con-inner\">\n\t\t\t\t<div class=\"elementor-element elementor-element-4a2b1b8 exad-sticky-section-no exad-glass-effect-no elementor-invisible elementor-widget elementor-widget-heading\" data-id=\"4a2b1b8\" data-element_type=\"widget\" data-settings=\"{&quot;_animation&quot;:&quot;zoomIn&quot;}\" data-widget_type=\"heading.default\">\n\t\t\t\t<div class=\"elementor-widget-container\">\n\t\t\t<style>\/*! elementor - v3.18.0 - 20-12-2023 *\/\n.elementor-heading-title{padding:0;margin:0;line-height:1}.elementor-widget-heading .elementor-heading-title[class*=elementor-size-]>a{color:inherit;font-size:inherit;line-height:inherit}.elementor-widget-heading .elementor-heading-title.elementor-size-small{font-size:15px}.elementor-widget-heading .elementor-heading-title.elementor-size-medium{font-size:19px}.elementor-widget-heading .elementor-heading-title.elementor-size-large{font-size:29px}.elementor-widget-heading .elementor-heading-title.elementor-size-xl{font-size:39px}.elementor-widget-heading .elementor-heading-title.elementor-size-xxl{font-size:59px}<\/style><h2 class=\"elementor-heading-title elementor-size-default\">Nous contacter<\/h2>\t\t<\/div>\n\t\t\t\t<\/div>\n\t\t\t\t\t<\/div>\n\t\t\t\t<\/div>\n\t\t<div class=\"elementor-element elementor-element-c815176 e-flex e-con-boxed e-con e-parent\" data-id=\"c815176\" data-element_type=\"container\" data-settings=\"{&quot;content_width&quot;:&quot;boxed&quot;}\" data-core-v316-plus=\"true\">\n\t\t\t\t\t<div class=\"e-con-inner\">\n\t\t\t\t<div class=\"elementor-element elementor-element-6e96e53 exad-sticky-section-no exad-glass-effect-no elementor-widget elementor-widget-skt-cf7 skt-addon skt-cf7\" data-id=\"6e96e53\" data-element_type=\"widget\" data-widget_type=\"skt-cf7.default\">\n\t\t\t\t<div class=\"elementor-widget-container\">\n\t\t\t\n<div class=\"wpcf7 no-js\" id=\"wpcf7-f6398-o1\" lang=\"fr-FR\" dir=\"ltr\" data-wpcf7-id=\"6398\">\n<div class=\"screen-reader-response\"><p role=\"status\" aria-live=\"polite\" aria-atomic=\"true\"><\/p> <ul><\/ul><\/div>\n<form action=\"\/index.php\/wp-json\/wp\/v2\/pages\/26#wpcf7-f6398-o1\" method=\"post\" class=\"wpcf7-form init skt-cf7-form\" aria-label=\"Formulaire de contact\" novalidate=\"novalidate\" data-status=\"init\">\n<div style=\"display: none;\">\n<input type=\"hidden\" name=\"_wpcf7\" value=\"6398\" \/>\n<input type=\"hidden\" name=\"_wpcf7_version\" value=\"6.0.3\" \/>\n<input type=\"hidden\" name=\"_wpcf7_locale\" value=\"fr_FR\" \/>\n<input type=\"hidden\" name=\"_wpcf7_unit_tag\" value=\"wpcf7-f6398-o1\" \/>\n<input type=\"hidden\" name=\"_wpcf7_container_post\" value=\"0\" \/>\n<input type=\"hidden\" name=\"_wpcf7_posted_data_hash\" value=\"\" \/>\n<\/div>\n<div class=\"uacf7-form-6398\"><label> Votre nom\n    <span class=\"wpcf7-form-control-wrap\" data-name=\"your-name\"><input size=\"40\" maxlength=\"400\" class=\"wpcf7-form-control wpcf7-text wpcf7-validates-as-required\" autocomplete=\"name\" aria-required=\"true\" aria-invalid=\"false\" value=\"\" type=\"text\" name=\"your-name\" \/><\/span> <\/label>\n\n<label> Votre e-mail\n    <span class=\"wpcf7-form-control-wrap\" data-name=\"your-email\"><input size=\"40\" maxlength=\"400\" class=\"wpcf7-form-control wpcf7-email wpcf7-validates-as-required wpcf7-text wpcf7-validates-as-email\" autocomplete=\"email\" aria-required=\"true\" aria-invalid=\"false\" value=\"\" type=\"email\" name=\"your-email\" \/><\/span> <\/label>\n <label> Votre num\u00e9ro de t\u00e9l\u00e9phone \n                    <span class=\"wpcf7-form-control-wrap\" data-name=\"tel-835\"><input size=\"40\" maxlength=\"400\" class=\"wpcf7-form-control wpcf7-tel wpcf7-validates-as-required wpcf7-text wpcf7-validates-as-tel\" aria-required=\"true\" aria-invalid=\"false\" value=\"\" type=\"tel\" name=\"tel-835\" \/><\/span> <\/label>\n\n<label> Votre ville\n<span class=\"wpcf7-form-control-wrap\" data-name=\"your-ville\"><input size=\"40\" maxlength=\"400\" class=\"wpcf7-form-control wpcf7-text wpcf7-validates-as-required\" autocomplete=\"ville\" aria-required=\"true\" aria-invalid=\"false\" value=\"\" type=\"text\" name=\"your-ville\" \/><\/span>  <\/label>\n\n\n<label> Objet\n    <span class=\"wpcf7-form-control-wrap\" data-name=\"your-subject\"><input size=\"40\" maxlength=\"400\" class=\"wpcf7-form-control wpcf7-text wpcf7-validates-as-required\" aria-required=\"true\" aria-invalid=\"false\" value=\"\" type=\"text\" name=\"your-subject\" \/><\/span> <\/label>\n\n<label> Votre message (facultatif)\n    <span class=\"wpcf7-form-control-wrap\" data-name=\"your-message\"><textarea cols=\"40\" rows=\"10\" maxlength=\"2000\" class=\"wpcf7-form-control wpcf7-textarea\" aria-invalid=\"false\" name=\"your-message\"><\/textarea><\/span> <\/label>\n\n\n\n<input class=\"wpcf7-form-control wpcf7-submit has-spinner\" type=\"submit\" value=\"Envoyer\" \/>\n\n<span class=\"wpcf7-form-control-wrap\" data-name=\"acceptance-357\"><span class=\"wpcf7-form-control wpcf7-acceptance optional\"><span class=\"wpcf7-list-item\"><label><input type=\"checkbox\" name=\"acceptance-357\" value=\"1\" aria-invalid=\"false\" \/><span class=\"wpcf7-list-item-label\">En soumettant ce formulaire,\n j'accepte que les informations saisies soient exploit\u00e9es dans le cadre strict de ma demande<\/span><\/label><\/span><\/span><\/span><\/div><div class=\"wpcf7-response-output\" aria-hidden=\"true\"><\/div>\n<\/form>\n<\/div>\n\t\t<\/div>\n\t\t\t\t<\/div>\n\t\t\t\t\t<\/div>\n\t\t\t\t<\/div>\n\t\t<div class=\"elementor-element elementor-element-ed976c9 e-flex e-con-boxed e-con e-parent\" data-id=\"ed976c9\" data-element_type=\"container\" data-settings=\"{&quot;content_width&quot;:&quot;boxed&quot;}\" data-core-v316-plus=\"true\">\n\t\t\t\t\t<div class=\"e-con-inner\">\n\t\t\t\t<div class=\"elementor-element elementor-element-681e935 exad-sticky-section-no exad-glass-effect-no elementor-widget elementor-widget-text-editor\" data-id=\"681e935\" data-element_type=\"widget\" data-widget_type=\"text-editor.default\">\n\t\t\t\t<div class=\"elementor-widget-container\">\n\t\t\t<style>\/*! elementor - v3.18.0 - 20-12-2023 *\/\n.elementor-widget-text-editor.elementor-drop-cap-view-stacked .elementor-drop-cap{background-color:#69727d;color:#fff}.elementor-widget-text-editor.elementor-drop-cap-view-framed .elementor-drop-cap{color:#69727d;border:3px solid;background-color:transparent}.elementor-widget-text-editor:not(.elementor-drop-cap-view-default) .elementor-drop-cap{margin-top:8px}.elementor-widget-text-editor:not(.elementor-drop-cap-view-default) .elementor-drop-cap-letter{width:1em;height:1em}.elementor-widget-text-editor .elementor-drop-cap{float:left;text-align:center;line-height:1;font-size:50px}.elementor-widget-text-editor .elementor-drop-cap-letter{display:inline-block}<\/style>\t\t\t\t<p>GersR\u00e9nov s&#8217;engage \u00e0 ce que la collecte et le traitement de vos donn\u00e9es, effectu\u00e9s \u00e0 partir de notre site <a href=\"https:\/\/www.mvb-construction.fr\/\">Gersrenov.com<\/a>, soient conformes au r\u00e8glement g\u00e9n\u00e9ral sur la protection des donn\u00e9es (RGPD) et \u00e0 la loi Informatique et Libert\u00e9s. Pour conna\u00eetre et exercer vos droits, notamment de retrait de votre consentement \u00e0 l&#8217;utilisation des donn\u00e9es collect\u00e9es par ce formulaire, veuillez consulter notre\u00a0<a class=\"rgpdLink\" href=\"https:\/\/www.mvb-construction.fr\/mentions-legales.php\" target=\"_blank\" rel=\"noopener\">politique de confidentialit\u00e9<\/a><\/p>\t\t\t\t\t\t<\/div>\n\t\t\t\t<\/div>\n\t\t\t\t\t<\/div>\n\t\t\t\t<\/div>\n\t\t\t\t\t\t\t<\/div>\n\t\t","protected":false},"excerpt":{"rendered":"<p>Nous contacter Votre nom Votre e-mail Votre num\u00e9ro de t\u00e9l\u00e9phone Objet Votre message (facultatif) GersR\u00e9nov s&#8217;engage \u00e0 ce que la collecte et le traitement de vos donn\u00e9es, effectu\u00e9s \u00e0 partir de notre site Gersrenov.com, soient conformes au r\u00e8glement g\u00e9n\u00e9ral sur la protection des donn\u00e9es (RGPD) et \u00e0 la loi Informatique et Libert\u00e9s. Pour conna\u00eetre et &hellip;<\/p>\n<p class=\"read-more\"> <a class=\"\" href=\"https:\/\/gersrenov.com\/index.php\/contact-form-7-id6a217ac-titlecontactez-nous\/\"> <span class=\"screen-reader-text\">contactez-nous<\/span> Lire la suite\u00a0\u00bb<\/a><\/p>\n","protected":false},"author":1,"featured_media":0,"parent":0,"menu_order":0,"comment_status":"closed","ping_status":"closed","template":"","meta":{"inline_featured_image":false,"site-sidebar-layout":"default","site-content-layout":"","ast-site-content-layout":"default","site-content-style":"default","site-sidebar-style":"default","ast-global-header-display":"","ast-banner-title-visibility":"","ast-main-header-display":"","ast-hfb-above-header-display":"","ast-hfb-below-header-display":"","ast-hfb-mobile-header-display":"","site-post-title":"disabled","ast-breadcrumbs-content":"","ast-featured-img":"","footer-sml-layout":"","theme-transparent-header-meta":"","adv-header-id-meta":"","stick-header-meta":"","header-above-stick-meta":"","header-main-stick-meta":"","header-below-stick-meta":"","astra-migrate-meta-layouts":"set","footnotes":""},"class_list":["post-26","page","type-page","status-publish","hentry"],"yoast_head":"<!-- This site is optimized with the Yoast SEO plugin v21.9.1 - https:\/\/yoast.com\/wordpress\/plugins\/seo\/ -->\n<title>contactez-nous - GERSRENOV<\/title>\n<meta name=\"description\" content=\"Contactez-nous chez GersRenov pour des conseils d&#039;experts, obtenir un devis personnalis\u00e9 ou poser toutes vos questions. Votre partenaire de confiance pour la r\u00e9novation contactez-nous %contactez-nous\" \/>\n<meta name=\"robots\" content=\"index, follow, max-snippet:-1, max-image-preview:large, max-video-preview:-1\" \/>\n<link rel=\"canonical\" href=\"https:\/\/gersrenov.com\/index.php\/contact-form-7-id6a217ac-titlecontactez-nous\/\" \/>\n<meta property=\"og:locale\" content=\"fr_FR\" \/>\n<meta property=\"og:type\" content=\"article\" \/>\n<meta property=\"og:title\" content=\"contactez-nous - GERSRENOV\" \/>\n<meta property=\"og:description\" content=\"Contactez-nous chez GersRenov pour des conseils d&#039;experts, obtenir un devis personnalis\u00e9 ou poser toutes vos questions. Votre partenaire de confiance pour la r\u00e9novation contactez-nous %contactez-nous\" \/>\n<meta property=\"og:url\" content=\"https:\/\/gersrenov.com\/index.php\/contact-form-7-id6a217ac-titlecontactez-nous\/\" \/>\n<meta property=\"og:site_name\" content=\"GERSRENOV\" \/>\n<meta property=\"article:modified_time\" content=\"2025-01-16T21:14:37+00:00\" \/>\n<meta property=\"og:image\" content=\"https:\/\/gersrenov.com\/wp-content\/uploads\/2023\/10\/cropped-cropped-cropped-cropped-cropped-cropped-cropped-cropped-logook.png\" \/>\n\t<meta property=\"og:image:width\" content=\"250\" \/>\n\t<meta property=\"og:image:height\" content=\"130\" \/>\n\t<meta property=\"og:image:type\" content=\"image\/png\" \/>\n<meta name=\"twitter:card\" content=\"summary_large_image\" \/>\n<meta name=\"twitter:label1\" content=\"Dur\u00e9e de lecture estim\u00e9e\" \/>\n\t<meta name=\"twitter:data1\" content=\"1 minute\" \/>\n<script type=\"application\/ld+json\" class=\"yoast-schema-graph\">{\"@context\":\"https:\/\/schema.org\",\"@graph\":[{\"@type\":[\"WebPage\",\"QAPage\"],\"@id\":\"https:\/\/gersrenov.com\/index.php\/contact-form-7-id6a217ac-titlecontactez-nous\/\",\"url\":\"https:\/\/gersrenov.com\/index.php\/contact-form-7-id6a217ac-titlecontactez-nous\/\",\"name\":\"contactez-nous - GERSRENOV\",\"isPartOf\":{\"@id\":\"https:\/\/gersrenov.com\/#website\"},\"datePublished\":\"2023-10-13T19:25:08+00:00\",\"dateModified\":\"2025-01-16T21:14:37+00:00\",\"description\":\"Contactez-nous chez GersRenov pour des conseils d'experts, obtenir un devis personnalis\u00e9 ou poser toutes vos questions. Votre partenaire de confiance pour la r\u00e9novation contactez-nous %contactez-nous\",\"breadcrumb\":{\"@id\":\"https:\/\/gersrenov.com\/index.php\/contact-form-7-id6a217ac-titlecontactez-nous\/#breadcrumb\"},\"inLanguage\":\"fr-FR\",\"potentialAction\":[{\"@type\":\"ReadAction\",\"target\":[\"https:\/\/gersrenov.com\/index.php\/contact-form-7-id6a217ac-titlecontactez-nous\/\"]}]},{\"@type\":\"BreadcrumbList\",\"@id\":\"https:\/\/gersrenov.com\/index.php\/contact-form-7-id6a217ac-titlecontactez-nous\/#breadcrumb\",\"itemListElement\":[{\"@type\":\"ListItem\",\"position\":1,\"name\":\"Accueil\",\"item\":\"https:\/\/gersrenov.com\/\"},{\"@type\":\"ListItem\",\"position\":2,\"name\":\"contactez-nous\"}]},{\"@type\":\"WebSite\",\"@id\":\"https:\/\/gersrenov.com\/#website\",\"url\":\"https:\/\/gersrenov.com\/\",\"name\":\"GERSRENOV\",\"description\":\"renovations et extansion\",\"publisher\":{\"@id\":\"https:\/\/gersrenov.com\/#organization\"},\"alternateName\":\"fp-construction\",\"potentialAction\":[{\"@type\":\"SearchAction\",\"target\":{\"@type\":\"EntryPoint\",\"urlTemplate\":\"https:\/\/gersrenov.com\/?s={search_term_string}\"},\"query-input\":\"required name=search_term_string\"}],\"inLanguage\":\"fr-FR\"},{\"@type\":\"Organization\",\"@id\":\"https:\/\/gersrenov.com\/#organization\",\"name\":\"gersrenovation specialiste en renovation de maison\",\"url\":\"https:\/\/gersrenov.com\/\",\"logo\":{\"@type\":\"ImageObject\",\"inLanguage\":\"fr-FR\",\"@id\":\"https:\/\/gersrenov.com\/#\/schema\/logo\/image\/\",\"url\":\"https:\/\/gersrenov.com\/wp-content\/uploads\/2023\/10\/cropped-cropped-cropped-cropped-cropped-cropped-cropped-cropped-logook.png\",\"contentUrl\":\"https:\/\/gersrenov.com\/wp-content\/uploads\/2023\/10\/cropped-cropped-cropped-cropped-cropped-cropped-cropped-cropped-logook.png\",\"width\":250,\"height\":130,\"caption\":\"gersrenovation specialiste en renovation de maison\"},\"image\":{\"@id\":\"https:\/\/gersrenov.com\/#\/schema\/logo\/image\/\"}}]}<\/script>\n<!-- \/ Yoast SEO plugin. -->","yoast_head_json":{"title":"contactez-nous - GERSRENOV","description":"Contactez-nous chez GersRenov pour des conseils d'experts, obtenir un devis personnalis\u00e9 ou poser toutes vos questions. Votre partenaire de confiance pour la r\u00e9novation contactez-nous %contactez-nous","robots":{"index":"index","follow":"follow","max-snippet":"max-snippet:-1","max-image-preview":"max-image-preview:large","max-video-preview":"max-video-preview:-1"},"canonical":"https:\/\/gersrenov.com\/index.php\/contact-form-7-id6a217ac-titlecontactez-nous\/","og_locale":"fr_FR","og_type":"article","og_title":"contactez-nous - GERSRENOV","og_description":"Contactez-nous chez GersRenov pour des conseils d'experts, obtenir un devis personnalis\u00e9 ou poser toutes vos questions. Votre partenaire de confiance pour la r\u00e9novation contactez-nous %contactez-nous","og_url":"https:\/\/gersrenov.com\/index.php\/contact-form-7-id6a217ac-titlecontactez-nous\/","og_site_name":"GERSRENOV","article_modified_time":"2025-01-16T21:14:37+00:00","og_image":[{"width":250,"height":130,"url":"https:\/\/gersrenov.com\/wp-content\/uploads\/2023\/10\/cropped-cropped-cropped-cropped-cropped-cropped-cropped-cropped-logook.png","type":"image\/png"}],"twitter_card":"summary_large_image","twitter_misc":{"Dur\u00e9e de lecture estim\u00e9e":"1 minute"},"schema":{"@context":"https:\/\/schema.org","@graph":[{"@type":["WebPage","QAPage"],"@id":"https:\/\/gersrenov.com\/index.php\/contact-form-7-id6a217ac-titlecontactez-nous\/","url":"https:\/\/gersrenov.com\/index.php\/contact-form-7-id6a217ac-titlecontactez-nous\/","name":"contactez-nous - GERSRENOV","isPartOf":{"@id":"https:\/\/gersrenov.com\/#website"},"datePublished":"2023-10-13T19:25:08+00:00","dateModified":"2025-01-16T21:14:37+00:00","description":"Contactez-nous chez GersRenov pour des conseils d'experts, obtenir un devis personnalis\u00e9 ou poser toutes vos questions. Votre partenaire de confiance pour la r\u00e9novation contactez-nous %contactez-nous","breadcrumb":{"@id":"https:\/\/gersrenov.com\/index.php\/contact-form-7-id6a217ac-titlecontactez-nous\/#breadcrumb"},"inLanguage":"fr-FR","potentialAction":[{"@type":"ReadAction","target":["https:\/\/gersrenov.com\/index.php\/contact-form-7-id6a217ac-titlecontactez-nous\/"]}]},{"@type":"BreadcrumbList","@id":"https:\/\/gersrenov.com\/index.php\/contact-form-7-id6a217ac-titlecontactez-nous\/#breadcrumb","itemListElement":[{"@type":"ListItem","position":1,"name":"Accueil","item":"https:\/\/gersrenov.com\/"},{"@type":"ListItem","position":2,"name":"contactez-nous"}]},{"@type":"WebSite","@id":"https:\/\/gersrenov.com\/#website","url":"https:\/\/gersrenov.com\/","name":"GERSRENOV","description":"renovations et extansion","publisher":{"@id":"https:\/\/gersrenov.com\/#organization"},"alternateName":"fp-construction","potentialAction":[{"@type":"SearchAction","target":{"@type":"EntryPoint","urlTemplate":"https:\/\/gersrenov.com\/?s={search_term_string}"},"query-input":"required name=search_term_string"}],"inLanguage":"fr-FR"},{"@type":"Organization","@id":"https:\/\/gersrenov.com\/#organization","name":"gersrenovation specialiste en renovation de maison","url":"https:\/\/gersrenov.com\/","logo":{"@type":"ImageObject","inLanguage":"fr-FR","@id":"https:\/\/gersrenov.com\/#\/schema\/logo\/image\/","url":"https:\/\/gersrenov.com\/wp-content\/uploads\/2023\/10\/cropped-cropped-cropped-cropped-cropped-cropped-cropped-cropped-logook.png","contentUrl":"https:\/\/gersrenov.com\/wp-content\/uploads\/2023\/10\/cropped-cropped-cropped-cropped-cropped-cropped-cropped-cropped-logook.png","width":250,"height":130,"caption":"gersrenovation specialiste en renovation de maison"},"image":{"@id":"https:\/\/gersrenov.com\/#\/schema\/logo\/image\/"}}]}},"_links":{"self":[{"href":"https:\/\/gersrenov.com\/index.php\/wp-json\/wp\/v2\/pages\/26","targetHints":{"allow":["GET"]}}],"collection":[{"href":"https:\/\/gersrenov.com\/index.php\/wp-json\/wp\/v2\/pages"}],"about":[{"href":"https:\/\/gersrenov.com\/index.php\/wp-json\/wp\/v2\/types\/page"}],"author":[{"embeddable":true,"href":"https:\/\/gersrenov.com\/index.php\/wp-json\/wp\/v2\/users\/1"}],"replies":[{"embeddable":true,"href":"https:\/\/gersrenov.com\/index.php\/wp-json\/wp\/v2\/comments?post=26"}],"version-history":[{"count":38,"href":"https:\/\/gersrenov.com\/index.php\/wp-json\/wp\/v2\/pages\/26\/revisions"}],"predecessor-version":[{"id":7155,"href":"https:\/\/gersrenov.com\/index.php\/wp-json\/wp\/v2\/pages\/26\/revisions\/7155"}],"wp:attachment":[{"href":"https:\/\/gersrenov.com\/index.php\/wp-json\/wp\/v2\/media?parent=26"}],"curies":[{"name":"wp","href":"https:\/\/api.w.org\/{rel}","templated":true}]}}