{"id":6492,"date":"2023-11-01T20:38:55","date_gmt":"2023-11-01T19:38:55","guid":{"rendered":"https:\/\/gersrenov.com\/?page_id=6492"},"modified":"2023-12-07T19:02:01","modified_gmt":"2023-12-07T18:02:01","slug":"mentions-legales","status":"publish","type":"page","link":"https:\/\/gersrenov.com\/index.php\/mentions-legales\/","title":{"rendered":"Mentions l\u00e9gales"},"content":{"rendered":"\t\t<div data-elementor-type=\"wp-page\" data-elementor-id=\"6492\" class=\"elementor elementor-6492\">\n\t\t\t\t\t\t\t<div class=\"elementor-element elementor-element-e620f85 e-flex e-con-boxed e-con e-parent\" data-id=\"e620f85\" data-element_type=\"container\" data-settings=\"{&quot;content_width&quot;:&quot;boxed&quot;}\" data-core-v316-plus=\"true\">\n\t\t\t\t\t<div class=\"e-con-inner\">\n\t\t\t\t<div class=\"elementor-element elementor-element-0a9156f exad-sticky-section-no exad-glass-effect-no elementor-invisible elementor-widget elementor-widget-heading\" data-id=\"0a9156f\" data-element_type=\"widget\" data-settings=\"{&quot;_animation&quot;:&quot;zoomIn&quot;}\" data-widget_type=\"heading.default\">\n\t\t\t\t<div class=\"elementor-widget-container\">\n\t\t\t<style>\/*! elementor - v3.18.0 - 20-12-2023 *\/\n.elementor-heading-title{padding:0;margin:0;line-height:1}.elementor-widget-heading .elementor-heading-title[class*=elementor-size-]>a{color:inherit;font-size:inherit;line-height:inherit}.elementor-widget-heading .elementor-heading-title.elementor-size-small{font-size:15px}.elementor-widget-heading .elementor-heading-title.elementor-size-medium{font-size:19px}.elementor-widget-heading .elementor-heading-title.elementor-size-large{font-size:29px}.elementor-widget-heading .elementor-heading-title.elementor-size-xl{font-size:39px}.elementor-widget-heading .elementor-heading-title.elementor-size-xxl{font-size:59px}<\/style><h2 class=\"elementor-heading-title elementor-size-default\">Mentions l\u00e9gales<\/h2>\t\t<\/div>\n\t\t\t\t<\/div>\n\t\t\t\t\t<\/div>\n\t\t\t\t<\/div>\n\t\t<div class=\"elementor-element elementor-element-6bd6e5e e-flex e-con-boxed e-con e-parent\" data-id=\"6bd6e5e\" data-element_type=\"container\" data-settings=\"{&quot;content_width&quot;:&quot;boxed&quot;}\" data-core-v316-plus=\"true\">\n\t\t\t\t\t<div class=\"e-con-inner\">\n\t\t<div class=\"elementor-element elementor-element-6e96ad5 e-con-full e-flex e-con e-child\" data-id=\"6e96ad5\" data-element_type=\"container\" data-settings=\"{&quot;content_width&quot;:&quot;full&quot;}\">\n\t\t\t\t<div class=\"elementor-element elementor-element-022d975 exad-sticky-section-no exad-glass-effect-no elementor-widget elementor-widget-text-editor\" data-id=\"022d975\" data-element_type=\"widget\" data-widget_type=\"text-editor.default\">\n\t\t\t\t<div class=\"elementor-widget-container\">\n\t\t\t<style>\/*! elementor - v3.18.0 - 20-12-2023 *\/\n.elementor-widget-text-editor.elementor-drop-cap-view-stacked .elementor-drop-cap{background-color:#69727d;color:#fff}.elementor-widget-text-editor.elementor-drop-cap-view-framed .elementor-drop-cap{color:#69727d;border:3px solid;background-color:transparent}.elementor-widget-text-editor:not(.elementor-drop-cap-view-default) .elementor-drop-cap{margin-top:8px}.elementor-widget-text-editor:not(.elementor-drop-cap-view-default) .elementor-drop-cap-letter{width:1em;height:1em}.elementor-widget-text-editor .elementor-drop-cap{float:left;text-align:center;line-height:1;font-size:50px}.elementor-widget-text-editor .elementor-drop-cap-letter{display:inline-block}<\/style>\t\t\t\t<h4>R\u00c8GLEMENT G\u00c9N\u00c9RAL SUR LA PROTECTION DES DONN\u00c9ES (RGPD)<\/h4><div><p><strong>la SARL FP CONSTRUCTION nom commerciel GersRenov<\/strong> s&#8217;engage \u00e0 ce que la collecte et le traitement de vos donn\u00e9es, effectu\u00e9s \u00e0 partir du site <a href=\"https:\/\/www.mvb-construction.fr\/\">mvb-construction.fr<\/a>, soient conformes au r\u00e8glement g\u00e9n\u00e9ral sur la protection des donn\u00e9es (RGPD). Chaque formulaire ou t\u00e9l\u00e9service limite la collecte des donn\u00e9es personnelles au strict n\u00e9cessaire (minimisation des donn\u00e9es) et indique notamment :<\/p><ul><li>quels sont les objectifs du recueil de ces donn\u00e9es,<\/li><li>si ces donn\u00e9es sont obligatoires ou facultatives pour la gestion de votre demande,<\/li><li>qui pourra en prendre connaissance (uniquement Gersrenov en principe, sauf pr\u00e9cision dans le formulaire lorsqu&#8217;une transmission \u00e0 un tiers est n\u00e9cessaire \u00e0 la gestion de votre demande),<\/li><\/ul><p>Dans une optique de d\u00e9marche qualit\u00e9, les appels effectu\u00e9s via le Call Tracking sont susceptibles d&#8217;\u00eatre enregistr\u00e9s. Ces enregistrements sont pour l&#8217;usage de <strong>GersRenov<\/strong> Conform\u00e9ment \u00e0 la r\u00e9glementation en vigueur, l&#8217;utilisateur peut \u00e0 tout moment demander la suppression des ces enregistrements en en faisant la requ\u00eate par email \u00e0 contact@gersrenov.com et en indiquant la soci\u00e9t\u00e9 GersRenov.<\/p><p>Les donn\u00e9es personnelles recueillies dans le cadre des services propos\u00e9s sur GersRenov.com sont trait\u00e9es selon des protocoles s\u00e9curis\u00e9s et permettent \u00e0 GersRenov de g\u00e9rer les demandes re\u00e7ues dans ses applications informatiques.<\/p><p>Pour toute information ou exercice de vos droits Informatique et Libert\u00e9s sur les traitements de donn\u00e9es personnelles g\u00e9r\u00e9s par GersRenov, vous pouvez contacter GersRenov et \u00e9ventuellement son d\u00e9l\u00e9gu\u00e9 \u00e0 la protection des donn\u00e9es (DPO), ou vous tourner vers la <a href=\"https:\/\/www.cnil.fr\/\" target=\"_blank\" rel=\"noopener\">CNIL<\/a>.<\/p><\/div>\t\t\t\t\t\t<\/div>\n\t\t\t\t<\/div>\n\t\t\t\t<\/div>\n\t\t<div class=\"elementor-element elementor-element-1e98ac4 e-con-full e-flex e-con e-child\" data-id=\"1e98ac4\" data-element_type=\"container\" data-settings=\"{&quot;content_width&quot;:&quot;full&quot;}\">\n\t\t\t\t<div class=\"elementor-element elementor-element-e0dc96f exad-sticky-section-no exad-glass-effect-no elementor-widget elementor-widget-text-editor\" data-id=\"e0dc96f\" data-element_type=\"widget\" data-widget_type=\"text-editor.default\">\n\t\t\t\t<div class=\"elementor-widget-container\">\n\t\t\t\t\t\t\t<h4>UTILISATION DE COOKIES<\/h4><p>Les cookies permettent d\u2019enregistrer les informations (non personnelles) relatives \u00e0 la navigation des utilisateurs sur internet. Les cookies d\u00e9pos\u00e9s par OVH ont pour objectif l\u2019am\u00e9lioration de l\u2019exp\u00e9rience de navigation des visiteurs ainsi que l\u2019optimisation des statistiques. D\u00e8s lors que vous les accept\u00e9s, ceux-ci ne seront utilis\u00e9s uniquement dans le cadre de votre navigation sur le site <a href=\"https:\/\/www.mvb-construction.fr\/\">GersRenov.com<\/a>, et ce pour une dur\u00e9e de 6 mois maximum.<\/p><h4>LIENS HYPERTEXTE<\/h4><p>GersRenov ne contr\u00f4le pas les sites en connexion avec le sien, et ne saurait donc \u00eatre responsable de leur contenu. Les risques li\u00e9s \u00e0 l&#8217;utilisation de ces sites incombent pleinement \u00e0 l&#8217;utilisateur. Il se conformera \u00e0 leurs conditions d&#8217;utilisation.<\/p><h4>\u00c9DITEUR<\/h4><p>GersRenov<\/p><p>Route de Tarbes 32400 Riscle<\/p><h4>DIRECTEUR DE LA PUBLICATION<\/h4><p>PIERRE PERON<\/p><h4>H\u00c9BERGEMENT<\/h4><h4>OVH<\/h4><p><b>2 rue Kellermann \u2013 BP 80157 59053 ROUBAIX CEDEX 1<\/b><\/p>\t\t\t\t\t\t<\/div>\n\t\t\t\t<\/div>\n\t\t\t\t<\/div>\n\t\t\t\t<div class=\"elementor-element elementor-element-19c2b89 elementor-widget__width-inherit exad-sticky-section-no exad-glass-effect-no elementor-widget elementor-widget-text-editor\" data-id=\"19c2b89\" data-element_type=\"widget\" data-widget_type=\"text-editor.default\">\n\t\t\t\t<div class=\"elementor-widget-container\">\n\t\t\t\t\t\t\t<h3>CONFIDENTIALIT\u00c9\u00a0<\/h3><p><strong>sarl ft construction\u00a0 GersRenov<\/strong>\u00a0 n&#8217;enregistre pas d&#8217;informations personnelles permettant l&#8217;identification, \u00e0 l&#8217;exception des formulaires que l&#8217;utilisateur est libre de remplir. Ces informations ne seront pas utilis\u00e9es sans votre accord, nous les utiliserons seulement pour vous adresser des courriers, des brochures, des devis ou vous contacter.<\/p><p>Les informations recueillies sur les sites b\u00e9n\u00e9ficient de la protection de la loi &#8220;Informatique et Libert\u00e9s&#8221; n\u00b0 78-17 du 06 janvier 1978. Elles b\u00e9n\u00e9ficient d&#8217;un droit d&#8217;acc\u00e8s, de rectification, d&#8217;opposition \u00e0 communication et de suppression sur simple demande \u00e0 <strong>GersRenov Route de Tarbes 32400 Riscle\u00a0<\/strong><\/p><p><strong>GersRenov\u00a0<\/strong><\/p><p>pourra proc\u00e9der \u00e0 des analyses statistiques sans que celles-ci soient nominatives et pourra en informer des tiers (organismes d&#8217;\u00e9valuation de fr\u00e9quentation) sous une forme r\u00e9sum\u00e9e et non nominative.<\/p>\t\t\t\t\t\t<\/div>\n\t\t\t\t<\/div>\n\t\t\t\t\t<\/div>\n\t\t\t\t<\/div>\n\t\t\t\t\t\t\t<\/div>\n\t\t","protected":false},"excerpt":{"rendered":"<p>Mentions l\u00e9gales R\u00c8GLEMENT G\u00c9N\u00c9RAL SUR LA PROTECTION DES DONN\u00c9ES (RGPD) la SARL FP CONSTRUCTION nom commerciel GersRenov s&#8217;engage \u00e0 ce que la collecte et le traitement de vos donn\u00e9es, effectu\u00e9s \u00e0 partir du site mvb-construction.fr, soient conformes au r\u00e8glement g\u00e9n\u00e9ral sur la protection des donn\u00e9es (RGPD). Chaque formulaire ou t\u00e9l\u00e9service limite la collecte des donn\u00e9es &hellip;<\/p>\n<p class=\"read-more\"> <a class=\"\" href=\"https:\/\/gersrenov.com\/index.php\/mentions-legales\/\"> <span class=\"screen-reader-text\">Mentions l\u00e9gales<\/span> Lire la suite\u00a0\u00bb<\/a><\/p>\n","protected":false},"author":1,"featured_media":0,"parent":0,"menu_order":0,"comment_status":"closed","ping_status":"closed","template":"","meta":{"inline_featured_image":false,"site-sidebar-layout":"no-sidebar","site-content-layout":"page-builder","ast-site-content-layout":"full-width-container","site-content-style":"default","site-sidebar-style":"default","ast-global-header-display":"","ast-banner-title-visibility":"","ast-main-header-display":"","ast-hfb-above-header-display":"","ast-hfb-below-header-display":"","ast-hfb-mobile-header-display":"","site-post-title":"disabled","ast-breadcrumbs-content":"","ast-featured-img":"disabled","footer-sml-layout":"","theme-transparent-header-meta":"","adv-header-id-meta":"","stick-header-meta":"","header-above-stick-meta":"","header-main-stick-meta":"","header-below-stick-meta":"","astra-migrate-meta-layouts":"set","footnotes":""},"class_list":["post-6492","page","type-page","status-publish","hentry"],"yoast_head":"<!-- This site is optimized with the Yoast SEO plugin v21.9.1 - https:\/\/yoast.com\/wordpress\/plugins\/seo\/ -->\n<title>Mentions l\u00e9gales - GERSRENOV mension l\u00e9gale<\/title>\n<meta name=\"robots\" content=\"index, follow, max-snippet:-1, max-image-preview:large, max-video-preview:-1\" \/>\n<link rel=\"canonical\" href=\"https:\/\/gersrenov.com\/index.php\/mentions-legales\/\" \/>\n<meta property=\"og:locale\" content=\"fr_FR\" \/>\n<meta property=\"og:type\" content=\"article\" \/>\n<meta property=\"og:title\" content=\"Mentions l\u00e9gales - GERSRENOV mension l\u00e9gale\" \/>\n<meta property=\"og:description\" content=\"Mentions l\u00e9gales R\u00c8GLEMENT G\u00c9N\u00c9RAL SUR LA PROTECTION DES DONN\u00c9ES (RGPD) la SARL FP CONSTRUCTION nom commerciel GersRenov s&#8217;engage \u00e0 ce que la collecte et le traitement de vos donn\u00e9es, effectu\u00e9s \u00e0 partir du site mvb-construction.fr, soient conformes au r\u00e8glement g\u00e9n\u00e9ral sur la protection des donn\u00e9es (RGPD). Chaque formulaire ou t\u00e9l\u00e9service limite la collecte des donn\u00e9es &hellip; Mentions l\u00e9gales Lire la suite\u00a0\u00bb\" \/>\n<meta property=\"og:url\" content=\"https:\/\/gersrenov.com\/index.php\/mentions-legales\/\" \/>\n<meta property=\"og:site_name\" content=\"GERSRENOV\" \/>\n<meta property=\"article:modified_time\" content=\"2023-12-07T18:02:01+00:00\" \/>\n<meta property=\"og:image\" content=\"https:\/\/gersrenov.com\/wp-content\/uploads\/2023\/10\/cropped-cropped-cropped-cropped-cropped-cropped-cropped-cropped-logook.png\" \/>\n\t<meta property=\"og:image:width\" content=\"250\" \/>\n\t<meta property=\"og:image:height\" content=\"130\" \/>\n\t<meta property=\"og:image:type\" content=\"image\/png\" \/>\n<meta name=\"twitter:card\" content=\"summary_large_image\" \/>\n<meta name=\"twitter:label1\" content=\"Dur\u00e9e de lecture estim\u00e9e\" \/>\n\t<meta name=\"twitter:data1\" content=\"3 minutes\" \/>\n<script type=\"application\/ld+json\" class=\"yoast-schema-graph\">{\"@context\":\"https:\/\/schema.org\",\"@graph\":[{\"@type\":\"WebPage\",\"@id\":\"https:\/\/gersrenov.com\/index.php\/mentions-legales\/\",\"url\":\"https:\/\/gersrenov.com\/index.php\/mentions-legales\/\",\"name\":\"Mentions l\u00e9gales - GERSRENOV mension l\u00e9gale\",\"isPartOf\":{\"@id\":\"https:\/\/gersrenov.com\/#website\"},\"datePublished\":\"2023-11-01T19:38:55+00:00\",\"dateModified\":\"2023-12-07T18:02:01+00:00\",\"breadcrumb\":{\"@id\":\"https:\/\/gersrenov.com\/index.php\/mentions-legales\/#breadcrumb\"},\"inLanguage\":\"fr-FR\",\"potentialAction\":[{\"@type\":\"ReadAction\",\"target\":[\"https:\/\/gersrenov.com\/index.php\/mentions-legales\/\"]}]},{\"@type\":\"BreadcrumbList\",\"@id\":\"https:\/\/gersrenov.com\/index.php\/mentions-legales\/#breadcrumb\",\"itemListElement\":[{\"@type\":\"ListItem\",\"position\":1,\"name\":\"Accueil\",\"item\":\"https:\/\/gersrenov.com\/\"},{\"@type\":\"ListItem\",\"position\":2,\"name\":\"Mentions l\u00e9gales\"}]},{\"@type\":\"WebSite\",\"@id\":\"https:\/\/gersrenov.com\/#website\",\"url\":\"https:\/\/gersrenov.com\/\",\"name\":\"GERSRENOV\",\"description\":\"renovations et extansion\",\"publisher\":{\"@id\":\"https:\/\/gersrenov.com\/#organization\"},\"alternateName\":\"fp-construction\",\"potentialAction\":[{\"@type\":\"SearchAction\",\"target\":{\"@type\":\"EntryPoint\",\"urlTemplate\":\"https:\/\/gersrenov.com\/?s={search_term_string}\"},\"query-input\":\"required name=search_term_string\"}],\"inLanguage\":\"fr-FR\"},{\"@type\":\"Organization\",\"@id\":\"https:\/\/gersrenov.com\/#organization\",\"name\":\"gersrenovation specialiste en renovation de maison\",\"url\":\"https:\/\/gersrenov.com\/\",\"logo\":{\"@type\":\"ImageObject\",\"inLanguage\":\"fr-FR\",\"@id\":\"https:\/\/gersrenov.com\/#\/schema\/logo\/image\/\",\"url\":\"https:\/\/gersrenov.com\/wp-content\/uploads\/2023\/10\/cropped-cropped-cropped-cropped-cropped-cropped-cropped-cropped-logook.png\",\"contentUrl\":\"https:\/\/gersrenov.com\/wp-content\/uploads\/2023\/10\/cropped-cropped-cropped-cropped-cropped-cropped-cropped-cropped-logook.png\",\"width\":250,\"height\":130,\"caption\":\"gersrenovation specialiste en renovation de maison\"},\"image\":{\"@id\":\"https:\/\/gersrenov.com\/#\/schema\/logo\/image\/\"}}]}<\/script>\n<!-- \/ Yoast SEO plugin. -->","yoast_head_json":{"title":"Mentions l\u00e9gales - GERSRENOV mension l\u00e9gale","robots":{"index":"index","follow":"follow","max-snippet":"max-snippet:-1","max-image-preview":"max-image-preview:large","max-video-preview":"max-video-preview:-1"},"canonical":"https:\/\/gersrenov.com\/index.php\/mentions-legales\/","og_locale":"fr_FR","og_type":"article","og_title":"Mentions l\u00e9gales - GERSRENOV mension l\u00e9gale","og_description":"Mentions l\u00e9gales R\u00c8GLEMENT G\u00c9N\u00c9RAL SUR LA PROTECTION DES DONN\u00c9ES (RGPD) la SARL FP CONSTRUCTION nom commerciel GersRenov s&#8217;engage \u00e0 ce que la collecte et le traitement de vos donn\u00e9es, effectu\u00e9s \u00e0 partir du site mvb-construction.fr, soient conformes au r\u00e8glement g\u00e9n\u00e9ral sur la protection des donn\u00e9es (RGPD). Chaque formulaire ou t\u00e9l\u00e9service limite la collecte des donn\u00e9es &hellip; Mentions l\u00e9gales Lire la suite\u00a0\u00bb","og_url":"https:\/\/gersrenov.com\/index.php\/mentions-legales\/","og_site_name":"GERSRENOV","article_modified_time":"2023-12-07T18:02:01+00:00","og_image":[{"width":250,"height":130,"url":"https:\/\/gersrenov.com\/wp-content\/uploads\/2023\/10\/cropped-cropped-cropped-cropped-cropped-cropped-cropped-cropped-logook.png","type":"image\/png"}],"twitter_card":"summary_large_image","twitter_misc":{"Dur\u00e9e de lecture estim\u00e9e":"3 minutes"},"schema":{"@context":"https:\/\/schema.org","@graph":[{"@type":"WebPage","@id":"https:\/\/gersrenov.com\/index.php\/mentions-legales\/","url":"https:\/\/gersrenov.com\/index.php\/mentions-legales\/","name":"Mentions l\u00e9gales - GERSRENOV mension l\u00e9gale","isPartOf":{"@id":"https:\/\/gersrenov.com\/#website"},"datePublished":"2023-11-01T19:38:55+00:00","dateModified":"2023-12-07T18:02:01+00:00","breadcrumb":{"@id":"https:\/\/gersrenov.com\/index.php\/mentions-legales\/#breadcrumb"},"inLanguage":"fr-FR","potentialAction":[{"@type":"ReadAction","target":["https:\/\/gersrenov.com\/index.php\/mentions-legales\/"]}]},{"@type":"BreadcrumbList","@id":"https:\/\/gersrenov.com\/index.php\/mentions-legales\/#breadcrumb","itemListElement":[{"@type":"ListItem","position":1,"name":"Accueil","item":"https:\/\/gersrenov.com\/"},{"@type":"ListItem","position":2,"name":"Mentions l\u00e9gales"}]},{"@type":"WebSite","@id":"https:\/\/gersrenov.com\/#website","url":"https:\/\/gersrenov.com\/","name":"GERSRENOV","description":"renovations et extansion","publisher":{"@id":"https:\/\/gersrenov.com\/#organization"},"alternateName":"fp-construction","potentialAction":[{"@type":"SearchAction","target":{"@type":"EntryPoint","urlTemplate":"https:\/\/gersrenov.com\/?s={search_term_string}"},"query-input":"required name=search_term_string"}],"inLanguage":"fr-FR"},{"@type":"Organization","@id":"https:\/\/gersrenov.com\/#organization","name":"gersrenovation specialiste en renovation de maison","url":"https:\/\/gersrenov.com\/","logo":{"@type":"ImageObject","inLanguage":"fr-FR","@id":"https:\/\/gersrenov.com\/#\/schema\/logo\/image\/","url":"https:\/\/gersrenov.com\/wp-content\/uploads\/2023\/10\/cropped-cropped-cropped-cropped-cropped-cropped-cropped-cropped-logook.png","contentUrl":"https:\/\/gersrenov.com\/wp-content\/uploads\/2023\/10\/cropped-cropped-cropped-cropped-cropped-cropped-cropped-cropped-logook.png","width":250,"height":130,"caption":"gersrenovation specialiste en renovation de maison"},"image":{"@id":"https:\/\/gersrenov.com\/#\/schema\/logo\/image\/"}}]}},"_links":{"self":[{"href":"https:\/\/gersrenov.com\/index.php\/wp-json\/wp\/v2\/pages\/6492","targetHints":{"allow":["GET"]}}],"collection":[{"href":"https:\/\/gersrenov.com\/index.php\/wp-json\/wp\/v2\/pages"}],"about":[{"href":"https:\/\/gersrenov.com\/index.php\/wp-json\/wp\/v2\/types\/page"}],"author":[{"embeddable":true,"href":"https:\/\/gersrenov.com\/index.php\/wp-json\/wp\/v2\/users\/1"}],"replies":[{"embeddable":true,"href":"https:\/\/gersrenov.com\/index.php\/wp-json\/wp\/v2\/comments?post=6492"}],"version-history":[{"count":16,"href":"https:\/\/gersrenov.com\/index.php\/wp-json\/wp\/v2\/pages\/6492\/revisions"}],"predecessor-version":[{"id":6986,"href":"https:\/\/gersrenov.com\/index.php\/wp-json\/wp\/v2\/pages\/6492\/revisions\/6986"}],"wp:attachment":[{"href":"https:\/\/gersrenov.com\/index.php\/wp-json\/wp\/v2\/media?parent=6492"}],"curies":[{"name":"wp","href":"https:\/\/api.w.org\/{rel}","templated":true}]}}