{"id":6797,"date":"2023-11-15T21:33:11","date_gmt":"2023-11-15T20:33:11","guid":{"rendered":"https:\/\/gersrenov.com\/?page_id=6797"},"modified":"2024-01-15T21:52:18","modified_gmt":"2024-01-15T20:52:18","slug":"isolation-par-l-interieur","status":"publish","type":"page","link":"https:\/\/gersrenov.com\/index.php\/isolation-par-l-interieur\/","title":{"rendered":"Isolation interieure"},"content":{"rendered":"\t\t<div data-elementor-type=\"wp-page\" data-elementor-id=\"6797\" class=\"elementor elementor-6797\">\n\t\t\t\t\t\t\t<div class=\"elementor-element elementor-element-45e5d9a e-flex e-con-boxed e-con e-parent\" data-id=\"45e5d9a\" data-element_type=\"container\" data-settings=\"{&quot;content_width&quot;:&quot;boxed&quot;}\" data-core-v316-plus=\"true\">\n\t\t\t\t\t<div class=\"e-con-inner\">\n\t\t\t\t<div class=\"elementor-element elementor-element-d833fe0 exad-sticky-section-no exad-glass-effect-no elementor-widget elementor-widget-heading\" data-id=\"d833fe0\" data-element_type=\"widget\" data-widget_type=\"heading.default\">\n\t\t\t\t<div class=\"elementor-widget-container\">\n\t\t\t<style>\/*! elementor - v3.18.0 - 20-12-2023 *\/\n.elementor-heading-title{padding:0;margin:0;line-height:1}.elementor-widget-heading .elementor-heading-title[class*=elementor-size-]>a{color:inherit;font-size:inherit;line-height:inherit}.elementor-widget-heading .elementor-heading-title.elementor-size-small{font-size:15px}.elementor-widget-heading .elementor-heading-title.elementor-size-medium{font-size:19px}.elementor-widget-heading .elementor-heading-title.elementor-size-large{font-size:29px}.elementor-widget-heading .elementor-heading-title.elementor-size-xl{font-size:39px}.elementor-widget-heading .elementor-heading-title.elementor-size-xxl{font-size:59px}<\/style><h2 class=\"elementor-heading-title elementor-size-default\">Investir dans le Confort et l'\u00c9conomie d'\u00c9nergie : L'Isolation Thermique des Murs, Int\u00e9rieur ou Ext\u00e9rieur<\/h2>\t\t<\/div>\n\t\t\t\t<\/div>\n\t\t\t\t\t<\/div>\n\t\t\t\t<\/div>\n\t\t<div class=\"elementor-element elementor-element-c5201e5 e-con-full e-flex e-con e-parent\" data-id=\"c5201e5\" data-element_type=\"container\" data-settings=\"{&quot;content_width&quot;:&quot;full&quot;}\" data-core-v316-plus=\"true\">\n\t\t\t\t<div class=\"elementor-element elementor-element-53a85c5 exad-sticky-section-no exad-glass-effect-no elementor-widget elementor-widget-text-editor\" data-id=\"53a85c5\" data-element_type=\"widget\" data-widget_type=\"text-editor.default\">\n\t\t\t\t<div class=\"elementor-widget-container\">\n\t\t\t<style>\/*! elementor - v3.18.0 - 20-12-2023 *\/\n.elementor-widget-text-editor.elementor-drop-cap-view-stacked .elementor-drop-cap{background-color:#69727d;color:#fff}.elementor-widget-text-editor.elementor-drop-cap-view-framed .elementor-drop-cap{color:#69727d;border:3px solid;background-color:transparent}.elementor-widget-text-editor:not(.elementor-drop-cap-view-default) .elementor-drop-cap{margin-top:8px}.elementor-widget-text-editor:not(.elementor-drop-cap-view-default) .elementor-drop-cap-letter{width:1em;height:1em}.elementor-widget-text-editor .elementor-drop-cap{float:left;text-align:center;line-height:1;font-size:50px}.elementor-widget-text-editor .elementor-drop-cap-letter{display:inline-block}<\/style>\t\t\t\t<p>Gr\u00e2ce \u00e0 notre certification <strong>RGE (Reconnu Garant de l&#8217;Environnement) <\/strong>, vous \u00eates \u00e9ligible \u00e0 plusieurs programmes de soutien \u00e0 la r\u00e9novation. Profitez de \u00a0<strong>FranceR\u00e9nov&#8217;<\/strong>, de <strong>l&#8217;\u00e9co-PTZ<\/strong> (Pr\u00eat \u00e0 Taux Z\u00e9ro \u00e9cologique) et de la <strong>TVA r\u00e9duite \u00e0 5,5% <\/strong>et des aides de <strong>l&#8217;ANAH. <\/strong>Ces aides\u00a0 all\u00e8gent votre budget et rendent vos travaux d&#8217;isolation plus accessibles que jamais.<\/p>\t\t\t\t\t\t<\/div>\n\t\t\t\t<\/div>\n\t\t\t\t<\/div>\n\t\t<div class=\"elementor-element elementor-element-31ec811 e-flex e-con-boxed e-con e-parent\" data-id=\"31ec811\" data-element_type=\"container\" data-settings=\"{&quot;content_width&quot;:&quot;boxed&quot;}\" data-core-v316-plus=\"true\">\n\t\t\t\t\t<div class=\"e-con-inner\">\n\t\t\t\t<div class=\"elementor-element elementor-element-23b413f exad-sticky-section-no exad-glass-effect-no elementor-invisible elementor-widget elementor-widget-heading\" data-id=\"23b413f\" data-element_type=\"widget\" data-settings=\"{&quot;_animation&quot;:&quot;fadeInLeft&quot;}\" data-widget_type=\"heading.default\">\n\t\t\t\t<div class=\"elementor-widget-container\">\n\t\t\t<h2 class=\"elementor-heading-title elementor-size-default\">ISOLATION PAR L'INTERIEUR<\/h2>\t\t<\/div>\n\t\t\t\t<\/div>\n\t\t\t\t\t<\/div>\n\t\t\t\t<\/div>\n\t\t<div class=\"elementor-element elementor-element-a08dbe2 e-flex e-con-boxed e-con e-parent\" data-id=\"a08dbe2\" data-element_type=\"container\" data-settings=\"{&quot;content_width&quot;:&quot;boxed&quot;}\" data-core-v316-plus=\"true\">\n\t\t\t\t\t<div class=\"e-con-inner\">\n\t\t<div class=\"elementor-element elementor-element-e4093bd e-con-full e-flex e-con e-child\" data-id=\"e4093bd\" data-element_type=\"container\" data-settings=\"{&quot;content_width&quot;:&quot;full&quot;}\">\n\t\t\t\t<div class=\"elementor-element elementor-element-885f7c6 exad-sticky-section-no exad-glass-effect-no elementor-widget elementor-widget-text-editor\" data-id=\"885f7c6\" data-element_type=\"widget\" data-widget_type=\"text-editor.default\">\n\t\t\t\t<div class=\"elementor-widget-container\">\n\t\t\t\t\t\t\t<p><strong>L&#8217;isolation thermique par l&#8217;int\u00e9rieur se concr\u00e9tise g\u00e9n\u00e9ralement de la mani\u00e8re suivante :<\/strong><\/p><p><strong>isolation des murs<\/strong><\/p><p>1. Installation d&#8217;une structure en ossature contre le mur, qui servira de support \u00e0 l&#8217;isolation thermique tout en maintenant sa position sans affaissement.<br \/>2. Insertion de mat\u00e9riau isolant (min\u00e9ral ou v\u00e9g\u00e9tal) entre les montants de l&#8217;ossature.<br \/>3. Application d&#8217;un pare-vapeur du c\u00f4t\u00e9 int\u00e9rieur pour envelopper l&#8217;isolant, emp\u00eachant ainsi l&#8217;infiltration d&#8217;air chaud et humide, \u00e9vitant ainsi la condensation \u00e0 l&#8217;int\u00e9rieur du mur.<br \/>4. Fixation de rails au sol et au plafond, ainsi que l&#8217;ajout de fourrures.<br \/>5. Installation des conduits \u00e9lectriques.<br \/>6. Pose de doublage en BA13.<br \/>7. R\u00e9alisation de travaux de peinture int\u00e9rieure pour la finition sur les plaques de pl\u00e2tre.<\/p><p>Pour une alternative esth\u00e9tique, les plaques de pl\u00e2tre peuvent \u00eatre substitu\u00e9es par la mise en place de lambris \u00e0 l&#8217;int\u00e9rieur.<\/p><p><strong>isolation des combles perdus<\/strong><\/p><div class=\"group w-full text-token-text-primary border-b border-black\/10 gizmo:border-0 dark:border-gray-900\/50 gizmo:dark:border-0 bg-gray-50 gizmo:bg-transparent dark:bg-[#444654] gizmo:dark:bg-transparent\" data-testid=\"conversation-turn-45\"><div class=\"p-4 gizmo:py-2 justify-center text-base md:gap-6 md:py-6 m-auto\"><div class=\"flex flex-1 gap-4 text-base mx-auto md:gap-6 gizmo:gap-3 gizmo:md:px-5 gizmo:lg:px-1 gizmo:xl:px-5 md:max-w-2xl lg:max-w-[38rem] gizmo:md:max-w-3xl gizmo:lg:max-w-[40rem] gizmo:xl:max-w-[48rem] xl:max-w-3xl }\"><div class=\"relative flex w-[calc(100%-50px)] flex-col gizmo:w-full lg:w-[calc(100%-115px)] agent-turn\"><div class=\"flex-col gap-1 md:gap-3\"><div class=\"flex flex-grow flex-col max-w-full gap-3 gizmo:gap-0\"><div class=\"min-h-[20px] text-message peer flex flex-col items-start gap-3 whitespace-pre-wrap break-words peer-[.text-message]:mt-5 overflow-x-auto\" data-message-author-role=\"assistant\" data-message-id=\"5ff1f2a2-52b3-4c19-8049-7d439b27afea\"><div class=\"markdown prose w-full break-words dark:prose-invert light\"><p>L&#8217;isolation souffl\u00e9e est r\u00e9alis\u00e9e en projetant des flocons d&#8217;isolant en vrac sur le plancher des combles \u00e0 l&#8217;aide d&#8217;un tuyau de soufflage. Cette m\u00e9thode couvre efficacement chaque coin des combles, offrant une isolation compl\u00e8te.Cette technique de soufflage est largement adopt\u00e9e en raison de sa flexibilit\u00e9, s&#8217;adaptant \u00e0 diff\u00e9rentes structures de charpentes et de combles, m\u00eame les plus difficiles d&#8217;acc\u00e8s. Elle se distingue par sa rapidit\u00e9, \u00e9vitant la n\u00e9cessit\u00e9 de d\u00e9coupe et limitant les ponts thermiques, contrairement \u00e0 l&#8217;installation en rouleau<\/p><\/div><\/div><\/div><div class=\"flex justify-between empty:hidden gizmo:justify-start gizmo:gap-3 lg:block gizmo:lg:flex\"><div class=\"text-gray-400 flex self-end lg:self-center justify-center gizmo:lg:justify-start mt-2 gizmo:mt-0 visible lg:gap-1 lg:absolute lg:top-0 lg:translate-x-full lg:right-0 lg:mt-0 lg:pl-2 gap-2 md:gap-3\"><br \/><div class=\"flex gap-1\">\u00a0<\/div><\/div><\/div><\/div><\/div><\/div><\/div><\/div>\t\t\t\t\t\t<\/div>\n\t\t\t\t<\/div>\n\t\t\t\t<\/div>\n\t\t<div class=\"elementor-element elementor-element-f5b8db6 e-con-full e-flex e-con e-child\" data-id=\"f5b8db6\" data-element_type=\"container\" data-settings=\"{&quot;content_width&quot;:&quot;full&quot;}\">\n\t\t<div class=\"elementor-element elementor-element-0c653a3 e-flex e-con-boxed e-con e-child\" data-id=\"0c653a3\" data-element_type=\"container\" data-settings=\"{&quot;content_width&quot;:&quot;boxed&quot;}\">\n\t\t\t\t\t<div class=\"e-con-inner\">\n\t\t\t\t<div class=\"elementor-element elementor-element-83cef8c exad-sticky-section-no exad-glass-effect-no elementor-widget elementor-widget-image\" data-id=\"83cef8c\" data-element_type=\"widget\" data-widget_type=\"image.default\">\n\t\t\t\t<div class=\"elementor-widget-container\">\n\t\t\t<style>\/*! elementor - v3.18.0 - 20-12-2023 *\/\n.elementor-widget-image{text-align:center}.elementor-widget-image a{display:inline-block}.elementor-widget-image a img[src$=\".svg\"]{width:48px}.elementor-widget-image img{vertical-align:middle;display:inline-block}<\/style>\t\t\t\t\t\t\t\t\t\t\t\t<img fetchpriority=\"high\" decoding=\"async\" width=\"204\" height=\"247\" src=\"https:\/\/gersrenov.com\/wp-content\/uploads\/2023\/11\/isolation.jpg\" class=\"attachment-large size-large wp-image-6643\" alt=\"\" \/>\t\t\t\t\t\t\t\t\t\t\t\t\t\t\t<\/div>\n\t\t\t\t<\/div>\n\t\t\t\t\t<\/div>\n\t\t\t\t<\/div>\n\t\t<div class=\"elementor-element elementor-element-46ad397 e-flex e-con-boxed e-con e-child\" data-id=\"46ad397\" data-element_type=\"container\" data-settings=\"{&quot;content_width&quot;:&quot;boxed&quot;}\">\n\t\t\t\t\t<div class=\"e-con-inner\">\n\t\t\t\t<div class=\"elementor-element elementor-element-8d93e2b exad-sticky-section-no exad-glass-effect-no elementor-widget elementor-widget-image\" data-id=\"8d93e2b\" data-element_type=\"widget\" data-widget_type=\"image.default\">\n\t\t\t\t<div class=\"elementor-widget-container\">\n\t\t\t\t\t\t\t\t\t\t\t\t\t\t\t<img decoding=\"async\" width=\"300\" height=\"196\" src=\"https:\/\/gersrenov.com\/wp-content\/uploads\/2023\/11\/isosoufflage-300x196.jpg\" class=\"attachment-medium size-medium wp-image-6733\" alt=\"\" srcset=\"https:\/\/gersrenov.com\/wp-content\/uploads\/2023\/11\/isosoufflage-300x196.jpg 300w, https:\/\/gersrenov.com\/wp-content\/uploads\/2023\/11\/isosoufflage.jpg 629w\" sizes=\"(max-width: 300px) 100vw, 300px\" \/>\t\t\t\t\t\t\t\t\t\t\t\t\t\t\t<\/div>\n\t\t\t\t<\/div>\n\t\t\t\t\t<\/div>\n\t\t\t\t<\/div>\n\t\t\t\t<\/div>\n\t\t\t\t\t<\/div>\n\t\t\t\t<\/div>\n\t\t<div class=\"elementor-element elementor-element-34072cd e-flex e-con-boxed e-con e-parent\" data-id=\"34072cd\" data-element_type=\"container\" data-settings=\"{&quot;content_width&quot;:&quot;boxed&quot;}\" data-core-v316-plus=\"true\">\n\t\t\t\t\t<div class=\"e-con-inner\">\n\t\t\t\t<div class=\"elementor-element elementor-element-d4c4240 zeus-fixed-yes zeus-button-position-right exad-sticky-section-no exad-glass-effect-no elementor-widget elementor-widget-zeus-scroll-up\" data-id=\"d4c4240\" data-element_type=\"widget\" data-widget_type=\"zeus-scroll-up.default\">\n\t\t\t\t<div class=\"elementor-widget-container\">\n\t\t\t\n\t\t<div class=\"zeus-scroll-button\">\n\t\t\t<a href=\"#\" class=\"button elementor-button\">\n\t\t\t\t\t\t<span class=\"zeus-button-icon\">\n\t\t\t<i aria-hidden=\"true\" class=\"fas fa-angle-up\"><\/i>\t\t<\/span>\n\t\t\t\t\t<\/a>\n\t\t<\/div>\n\n\t\t\t\t<\/div>\n\t\t\t\t<\/div>\n\t\t\t\t\t<\/div>\n\t\t\t\t<\/div>\n\t\t\t\t\t\t\t<\/div>\n\t\t","protected":false},"excerpt":{"rendered":"<p>Investir dans le Confort et l&#8217;\u00c9conomie d&#8217;\u00c9nergie : L&#8217;Isolation Thermique des Murs, Int\u00e9rieur ou Ext\u00e9rieur Gr\u00e2ce \u00e0 notre certification RGE (Reconnu Garant de l&#8217;Environnement) , vous \u00eates \u00e9ligible \u00e0 plusieurs programmes de soutien \u00e0 la r\u00e9novation. Profitez de \u00a0FranceR\u00e9nov&#8217;, de l&#8217;\u00e9co-PTZ (Pr\u00eat \u00e0 Taux Z\u00e9ro \u00e9cologique) et de la TVA r\u00e9duite \u00e0 5,5% et des &hellip;<\/p>\n<p class=\"read-more\"> <a class=\"\" href=\"https:\/\/gersrenov.com\/index.php\/isolation-par-l-interieur\/\"> <span class=\"screen-reader-text\">Isolation interieure<\/span> Lire la suite\u00a0\u00bb<\/a><\/p>\n","protected":false},"author":1,"featured_media":0,"parent":0,"menu_order":0,"comment_status":"closed","ping_status":"closed","template":"","meta":{"inline_featured_image":false,"site-sidebar-layout":"no-sidebar","site-content-layout":"page-builder","ast-site-content-layout":"full-width-container","site-content-style":"default","site-sidebar-style":"default","ast-global-header-display":"","ast-banner-title-visibility":"","ast-main-header-display":"","ast-hfb-above-header-display":"","ast-hfb-below-header-display":"","ast-hfb-mobile-header-display":"","site-post-title":"disabled","ast-breadcrumbs-content":"","ast-featured-img":"disabled","footer-sml-layout":"","theme-transparent-header-meta":"","adv-header-id-meta":"","stick-header-meta":"","header-above-stick-meta":"","header-main-stick-meta":"","header-below-stick-meta":"","astra-migrate-meta-layouts":"set","footnotes":""},"class_list":["post-6797","page","type-page","status-publish","hentry"],"yoast_head":"<!-- This site is optimized with the Yoast SEO plugin v21.9.1 - https:\/\/yoast.com\/wordpress\/plugins\/seo\/ -->\n<title>Isolation interieure - GERSRENOV isolation int\u00e9rieure RGE<\/title>\n<meta name=\"description\" content=\"Isolation thermique sur mesure pour murs int\u00e9rieurs\/ext\u00e9rieurs. Confort et \u00e9conomie d&#039;\u00e9nergie assur\u00e9s. Optimisez votre habitat avec nos services sp\u00e9cialis\u00e9s.RGE\" \/>\n<meta name=\"robots\" content=\"index, follow, max-snippet:-1, max-image-preview:large, max-video-preview:-1\" \/>\n<link rel=\"canonical\" href=\"https:\/\/gersrenov.com\/index.php\/isolation-par-l-interieur\/\" \/>\n<meta property=\"og:locale\" content=\"fr_FR\" \/>\n<meta property=\"og:type\" content=\"article\" \/>\n<meta property=\"og:title\" content=\"Isolation interieure - GERSRENOV isolation int\u00e9rieure RGE\" \/>\n<meta property=\"og:description\" content=\"Isolation thermique sur mesure pour murs int\u00e9rieurs\/ext\u00e9rieurs. Confort et \u00e9conomie d&#039;\u00e9nergie assur\u00e9s. Optimisez votre habitat avec nos services sp\u00e9cialis\u00e9s.RGE\" \/>\n<meta property=\"og:url\" content=\"https:\/\/gersrenov.com\/index.php\/isolation-par-l-interieur\/\" \/>\n<meta property=\"og:site_name\" content=\"GERSRENOV\" \/>\n<meta property=\"article:modified_time\" content=\"2024-01-15T20:52:18+00:00\" \/>\n<meta property=\"og:image\" content=\"https:\/\/gersrenov.com\/wp-content\/uploads\/2023\/11\/isolation.jpg\" \/>\n<meta name=\"twitter:card\" content=\"summary_large_image\" \/>\n<meta name=\"twitter:label1\" content=\"Dur\u00e9e de lecture estim\u00e9e\" \/>\n\t<meta name=\"twitter:data1\" content=\"2 minutes\" \/>\n<script type=\"application\/ld+json\" class=\"yoast-schema-graph\">{\"@context\":\"https:\/\/schema.org\",\"@graph\":[{\"@type\":\"WebPage\",\"@id\":\"https:\/\/gersrenov.com\/index.php\/isolation-par-l-interieur\/\",\"url\":\"https:\/\/gersrenov.com\/index.php\/isolation-par-l-interieur\/\",\"name\":\"Isolation interieure - GERSRENOV isolation int\u00e9rieure RGE\",\"isPartOf\":{\"@id\":\"https:\/\/gersrenov.com\/#website\"},\"datePublished\":\"2023-11-15T20:33:11+00:00\",\"dateModified\":\"2024-01-15T20:52:18+00:00\",\"description\":\"Isolation thermique sur mesure pour murs int\u00e9rieurs\/ext\u00e9rieurs. Confort et \u00e9conomie d'\u00e9nergie assur\u00e9s. Optimisez votre habitat avec nos services sp\u00e9cialis\u00e9s.RGE\",\"breadcrumb\":{\"@id\":\"https:\/\/gersrenov.com\/index.php\/isolation-par-l-interieur\/#breadcrumb\"},\"inLanguage\":\"fr-FR\",\"potentialAction\":[{\"@type\":\"ReadAction\",\"target\":[\"https:\/\/gersrenov.com\/index.php\/isolation-par-l-interieur\/\"]}]},{\"@type\":\"BreadcrumbList\",\"@id\":\"https:\/\/gersrenov.com\/index.php\/isolation-par-l-interieur\/#breadcrumb\",\"itemListElement\":[{\"@type\":\"ListItem\",\"position\":1,\"name\":\"Accueil\",\"item\":\"https:\/\/gersrenov.com\/\"},{\"@type\":\"ListItem\",\"position\":2,\"name\":\"Isolation interieure\"}]},{\"@type\":\"WebSite\",\"@id\":\"https:\/\/gersrenov.com\/#website\",\"url\":\"https:\/\/gersrenov.com\/\",\"name\":\"GERSRENOV\",\"description\":\"renovations et extansion\",\"publisher\":{\"@id\":\"https:\/\/gersrenov.com\/#organization\"},\"alternateName\":\"fp-construction\",\"potentialAction\":[{\"@type\":\"SearchAction\",\"target\":{\"@type\":\"EntryPoint\",\"urlTemplate\":\"https:\/\/gersrenov.com\/?s={search_term_string}\"},\"query-input\":\"required name=search_term_string\"}],\"inLanguage\":\"fr-FR\"},{\"@type\":\"Organization\",\"@id\":\"https:\/\/gersrenov.com\/#organization\",\"name\":\"gersrenovation specialiste en renovation de maison\",\"url\":\"https:\/\/gersrenov.com\/\",\"logo\":{\"@type\":\"ImageObject\",\"inLanguage\":\"fr-FR\",\"@id\":\"https:\/\/gersrenov.com\/#\/schema\/logo\/image\/\",\"url\":\"https:\/\/gersrenov.com\/wp-content\/uploads\/2023\/10\/cropped-cropped-cropped-cropped-cropped-cropped-cropped-cropped-logook.png\",\"contentUrl\":\"https:\/\/gersrenov.com\/wp-content\/uploads\/2023\/10\/cropped-cropped-cropped-cropped-cropped-cropped-cropped-cropped-logook.png\",\"width\":250,\"height\":130,\"caption\":\"gersrenovation specialiste en renovation de maison\"},\"image\":{\"@id\":\"https:\/\/gersrenov.com\/#\/schema\/logo\/image\/\"}}]}<\/script>\n<!-- \/ Yoast SEO plugin. -->","yoast_head_json":{"title":"Isolation interieure - GERSRENOV isolation int\u00e9rieure RGE","description":"Isolation thermique sur mesure pour murs int\u00e9rieurs\/ext\u00e9rieurs. Confort et \u00e9conomie d'\u00e9nergie assur\u00e9s. Optimisez votre habitat avec nos services sp\u00e9cialis\u00e9s.RGE","robots":{"index":"index","follow":"follow","max-snippet":"max-snippet:-1","max-image-preview":"max-image-preview:large","max-video-preview":"max-video-preview:-1"},"canonical":"https:\/\/gersrenov.com\/index.php\/isolation-par-l-interieur\/","og_locale":"fr_FR","og_type":"article","og_title":"Isolation interieure - GERSRENOV isolation int\u00e9rieure RGE","og_description":"Isolation thermique sur mesure pour murs int\u00e9rieurs\/ext\u00e9rieurs. Confort et \u00e9conomie d'\u00e9nergie assur\u00e9s. Optimisez votre habitat avec nos services sp\u00e9cialis\u00e9s.RGE","og_url":"https:\/\/gersrenov.com\/index.php\/isolation-par-l-interieur\/","og_site_name":"GERSRENOV","article_modified_time":"2024-01-15T20:52:18+00:00","og_image":[{"url":"https:\/\/gersrenov.com\/wp-content\/uploads\/2023\/11\/isolation.jpg"}],"twitter_card":"summary_large_image","twitter_misc":{"Dur\u00e9e de lecture estim\u00e9e":"2 minutes"},"schema":{"@context":"https:\/\/schema.org","@graph":[{"@type":"WebPage","@id":"https:\/\/gersrenov.com\/index.php\/isolation-par-l-interieur\/","url":"https:\/\/gersrenov.com\/index.php\/isolation-par-l-interieur\/","name":"Isolation interieure - GERSRENOV isolation int\u00e9rieure RGE","isPartOf":{"@id":"https:\/\/gersrenov.com\/#website"},"datePublished":"2023-11-15T20:33:11+00:00","dateModified":"2024-01-15T20:52:18+00:00","description":"Isolation thermique sur mesure pour murs int\u00e9rieurs\/ext\u00e9rieurs. Confort et \u00e9conomie d'\u00e9nergie assur\u00e9s. Optimisez votre habitat avec nos services sp\u00e9cialis\u00e9s.RGE","breadcrumb":{"@id":"https:\/\/gersrenov.com\/index.php\/isolation-par-l-interieur\/#breadcrumb"},"inLanguage":"fr-FR","potentialAction":[{"@type":"ReadAction","target":["https:\/\/gersrenov.com\/index.php\/isolation-par-l-interieur\/"]}]},{"@type":"BreadcrumbList","@id":"https:\/\/gersrenov.com\/index.php\/isolation-par-l-interieur\/#breadcrumb","itemListElement":[{"@type":"ListItem","position":1,"name":"Accueil","item":"https:\/\/gersrenov.com\/"},{"@type":"ListItem","position":2,"name":"Isolation interieure"}]},{"@type":"WebSite","@id":"https:\/\/gersrenov.com\/#website","url":"https:\/\/gersrenov.com\/","name":"GERSRENOV","description":"renovations et extansion","publisher":{"@id":"https:\/\/gersrenov.com\/#organization"},"alternateName":"fp-construction","potentialAction":[{"@type":"SearchAction","target":{"@type":"EntryPoint","urlTemplate":"https:\/\/gersrenov.com\/?s={search_term_string}"},"query-input":"required name=search_term_string"}],"inLanguage":"fr-FR"},{"@type":"Organization","@id":"https:\/\/gersrenov.com\/#organization","name":"gersrenovation specialiste en renovation de maison","url":"https:\/\/gersrenov.com\/","logo":{"@type":"ImageObject","inLanguage":"fr-FR","@id":"https:\/\/gersrenov.com\/#\/schema\/logo\/image\/","url":"https:\/\/gersrenov.com\/wp-content\/uploads\/2023\/10\/cropped-cropped-cropped-cropped-cropped-cropped-cropped-cropped-logook.png","contentUrl":"https:\/\/gersrenov.com\/wp-content\/uploads\/2023\/10\/cropped-cropped-cropped-cropped-cropped-cropped-cropped-cropped-logook.png","width":250,"height":130,"caption":"gersrenovation specialiste en renovation de maison"},"image":{"@id":"https:\/\/gersrenov.com\/#\/schema\/logo\/image\/"}}]}},"_links":{"self":[{"href":"https:\/\/gersrenov.com\/index.php\/wp-json\/wp\/v2\/pages\/6797","targetHints":{"allow":["GET"]}}],"collection":[{"href":"https:\/\/gersrenov.com\/index.php\/wp-json\/wp\/v2\/pages"}],"about":[{"href":"https:\/\/gersrenov.com\/index.php\/wp-json\/wp\/v2\/types\/page"}],"author":[{"embeddable":true,"href":"https:\/\/gersrenov.com\/index.php\/wp-json\/wp\/v2\/users\/1"}],"replies":[{"embeddable":true,"href":"https:\/\/gersrenov.com\/index.php\/wp-json\/wp\/v2\/comments?post=6797"}],"version-history":[{"count":11,"href":"https:\/\/gersrenov.com\/index.php\/wp-json\/wp\/v2\/pages\/6797\/revisions"}],"predecessor-version":[{"id":7117,"href":"https:\/\/gersrenov.com\/index.php\/wp-json\/wp\/v2\/pages\/6797\/revisions\/7117"}],"wp:attachment":[{"href":"https:\/\/gersrenov.com\/index.php\/wp-json\/wp\/v2\/media?parent=6797"}],"curies":[{"name":"wp","href":"https:\/\/api.w.org\/{rel}","templated":true}]}}